{"id":1633,"date":"2019-09-09T11:23:53","date_gmt":"2019-09-09T09:23:53","guid":{"rendered":"https:\/\/cansabate.com\/?page_id=1633"},"modified":"2024-02-13T17:46:46","modified_gmt":"2024-02-13T16:46:46","slug":"inici","status":"publish","type":"page","link":"https:\/\/www.cansabate.com\/ca\/","title":{"rendered":"Inici"},"content":{"rendered":"<div>\n<p>    <img decoding=\"async\" src=\"\/wp-content\/uploads\/2022\/03\/home-top-hero-bg.jpg\" alt=\"\"><\/p>\n<\/div>\n<p><img decoding=\"async\" src=\"\/wp-content\/uploads\/2022\/03\/logo-mini-cansabater.png\" alt=\"\"><\/p>\n<h1>\n<p>El camp \u00e9s la nostra ess\u00e8ncia<\/p>\n<\/h1>\n<div>\n<p>        <img decoding=\"async\" src=\"\/wp-content\/uploads\/2022\/03\/home-espacios-bg-1100.jpg\" alt=\"\"><\/p>\n<h3>Espais<\/h3>\n<p><a href=\"\/ca\/espais\/\"><\/a><\/p>\n<\/div>\n<div>\n<p>        <img decoding=\"async\" src=\"\/wp-content\/uploads\/2022\/03\/home-gastronomia-bg-1100.jpg\" alt=\"\"><\/p>\n<h2>GASTRONOMIA<\/h2>\n<p><a href=\"\/ca\/gastronomia\/\"><\/a><\/p>\n<\/div>\n<h1>La naturalesa \u00e9s la nostra inspiraci\u00f3<\/h1>\n<p><video src=\"\/wp-content\/uploads\/2024\/02\/Can-Sabate-ESP-1080.mov\" poster=\"\/wp-content\/uploads\/2024\/02\/Captura-de-pantalla-2024-02-13-a-las-17.45.54.png\"><\/video><\/p>\n<div>\n<\/div>\n<p><!--more--><br \/>\n<!-- {\"type\":\"layout\",\"children\":[{\"type\":\"section\",\"props\":{\"animation\":\"fade\",\"header_transparent\":\"light\",\"header_transparent_noplaceholder\":true,\"image_position\":\"center-center\",\"padding\":\"none\",\"style\":\"default\",\"title_breakpoint\":\"xl\",\"title_position\":\"top-left\",\"title_rotation\":\"left\",\"vertical_align\":\"middle\",\"width\":\"\"},\"children\":[{\"type\":\"row\",\"children\":[{\"type\":\"column\",\"props\":{\"image_position\":\"center-center\",\"position_sticky_breakpoint\":\"m\"},\"children\":[{\"type\":\"slideshow\",\"props\":{\"link_style\":\"default\",\"link_text\":\"Read more\",\"margin\":\"remove-vertical\",\"meta_align\":\"below-title\",\"meta_element\":\"div\",\"meta_style\":\"text-meta\",\"nav\":\"dotnav\",\"nav_align\":\"center\",\"nav_breakpoint\":\"s\",\"nav_position\":\"bottom-center\",\"nav_position_margin\":\"medium\",\"overlay_animation\":\"parallax\",\"overlay_position\":\"center-left\",\"show_content\":true,\"show_link\":true,\"show_meta\":true,\"show_thumbnail\":true,\"show_title\":true,\"slidenav\":\"default\",\"slidenav_breakpoint\":\"s\",\"slidenav_margin\":\"medium\",\"slidenav_outside_breakpoint\":\"xl\",\"slideshow_autoplay_pause\":true,\"slideshow_height\":\"full\",\"slideshow_min_height\":300,\"slideshow_ratio\":\"16:9\",\"thumbnav_height\":\"75\",\"thumbnav_svg_color\":\"emphasis\",\"thumbnav_width\":\"100\",\"title_element\":\"h3\"},\"children\":[{\"type\":\"slideshow_item\",\"props\":{\"image\":\"wp-content\\\/uploads\\\/2022\\\/03\\\/home-top-hero-bg.jpg\"}}]},{\"type\":\"image\",\"props\":{\"class\":\"uk-position-fixed\",\"css\":\".el-element{\\n\\twidth:auto;\\n}\\n.el-image{\\n\\tfilter: contrast(200%);\\n}\",\"image\":\"wp-content\\\/uploads\\\/2022\\\/03\\\/logo-mini-cansabater.png\",\"image_svg_color\":\"emphasis\",\"margin\":\"default\",\"position\":\"absolute\",\"position_right\":\"30\",\"position_top\":\"50vh\",\"position_z_index\":\"3\",\"text_align\":\"right\",\"visibility\":\"m\"}}]}]}]},{\"type\":\"section\",\"props\":{\"animation\":\"fade\",\"image_position\":\"center-center\",\"padding\":\"large\",\"style\":\"default\",\"title_breakpoint\":\"xl\",\"title_position\":\"top-left\",\"title_rotation\":\"left\",\"vertical_align\":\"middle\",\"width\":\"default\"},\"children\":[{\"type\":\"row\",\"children\":[{\"type\":\"column\",\"props\":{\"image_position\":\"center-center\",\"position_sticky_breakpoint\":\"m\"},\"children\":[{\"type\":\"headline\",\"props\":{\"animation\":\"slide-bottom-medium\",\"content\":\"\n\n<p>El camp \\u00e9s la nostra ess\\u00e8ncia<\\\/p>\",\"css\":\"@media(max-width:450px){\\n .el-element{\\n max-width: 220px;\\n margin-left: auto;\\n margin-right: auto;\\n }\\n}\",\"text_align\":\"center\",\"title_element\":\"h1\",\"title_style\":\"h1\"}}]}]}],\"name\":\"Text\"},{\"type\":\"section\",\"props\":{\"animation\":\"fade\",\"header_transparent\":\"light\",\"header_transparent_noplaceholder\":true,\"image_position\":\"center-center\",\"padding\":\"none\",\"style\":\"default\",\"title_breakpoint\":\"xl\",\"title_position\":\"top-left\",\"title_rotation\":\"left\",\"vertical_align\":\"middle\",\"width\":\"\"},\"children\":[{\"type\":\"row\",\"children\":[{\"type\":\"column\",\"props\":{\"image_position\":\"center-center\",\"position_sticky_breakpoint\":\"m\",\"width_medium\":\"1-2\",\"width_small\":\"1-2\"},\"children\":[{\"type\":\"overlay\",\"props\":{\"animation\":\"slide-bottom-medium\",\"css\":\".el-element > * .el-overlay{\\n\\topacity:1;\\n transition: opacity 0.3s;\\n}\\n.el-element > *:hover .el-overlay{\\n\\topacity:0;\\n}\",\"image\":\"wp-content\\\/uploads\\\/2022\\\/03\\\/home-espacios-bg-1100.jpg\",\"link\":\"ca\\\/espais\\\/\",\"link_style\":\"default\",\"link_text\":\"\",\"margin\":\"default\",\"meta_align\":\"below-title\",\"meta_element\":\"div\",\"meta_style\":\"text-meta\",\"overlay_hover\":false,\"overlay_link\":true,\"overlay_mode\":\"cover\",\"overlay_position\":\"top-left\",\"overlay_style\":\"overlay-primary\",\"overlay_transition\":\"fade\",\"text_align\":\"center\",\"text_color\":\"light\",\"title\":\"Espais\",\"title_element\":\"h3\",\"title_hover_style\":\"reset\",\"title_style\":\"text-lead\"}}]},{\"type\":\"column\",\"props\":{\"image_position\":\"center-center\",\"position_sticky_breakpoint\":\"m\",\"width_medium\":\"1-2\",\"width_small\":\"1-2\"},\"children\":[{\"type\":\"overlay\",\"props\":{\"animation\":\"slide-bottom-medium\",\"css\":\".el-element > * .el-overlay{\\n\\topacity:1;\\n transition: opacity 0.3s;\\n}\\n.el-element > *:hover .el-overlay{\\n\\topacity:0;\\n}\",\"image\":\"wp-content\\\/uploads\\\/2022\\\/03\\\/home-gastronomia-bg-1100.jpg\",\"link\":\"ca\\\/gastronomia\\\/\",\"link_style\":\"default\",\"link_text\":\"\",\"margin\":\"default\",\"meta_align\":\"below-title\",\"meta_element\":\"div\",\"meta_style\":\"text-meta\",\"overlay_hover\":false,\"overlay_link\":true,\"overlay_mode\":\"cover\",\"overlay_position\":\"top-left\",\"overlay_style\":\"overlay-primary\",\"overlay_transition\":\"fade\",\"text_align\":\"center\",\"text_color\":\"light\",\"title\":\"GASTRONOMIA\",\"title_element\":\"h2\",\"title_hover_style\":\"reset\",\"title_style\":\"text-lead\"}}]}],\"props\":{\"column_gap\":\"collapse\",\"layout\":\"1-2,1-2\",\"row_gap\":\"collapse\"}}],\"name\":\"Links\"},{\"type\":\"section\",\"props\":{\"animation\":\"fade\",\"image_position\":\"center-center\",\"padding\":\"large\",\"style\":\"default\",\"title_breakpoint\":\"xl\",\"title_position\":\"top-left\",\"title_rotation\":\"left\",\"vertical_align\":\"middle\",\"width\":\"default\"},\"children\":[{\"type\":\"row\",\"children\":[{\"type\":\"column\",\"props\":{\"image_position\":\"center-center\",\"position_sticky_breakpoint\":\"m\"},\"children\":[{\"type\":\"headline\",\"props\":{\"animation\":\"slide-bottom-medium\",\"content\":\"La naturalesa \\u00e9s la nostra inspiraci\\u00f3\",\"css\":\"@media(max-width:450px){\\n .el-element{\\n max-width: 230px;\\n margin-left: auto;\\n margin-right: auto;\\n }\\n}\",\"text_align\":\"center\",\"title_element\":\"h1\",\"title_style\":\"h1\"}}]}]}],\"name\":\"Text\"},{\"type\":\"section\",\"props\":{\"animation\":\"fade\",\"image_position\":\"center-center\",\"padding\":\"none\",\"style\":\"default\",\"title_breakpoint\":\"xl\",\"title_position\":\"top-left\",\"title_rotation\":\"left\",\"vertical_align\":\"middle\",\"width\":\"\"},\"children\":[{\"type\":\"row\",\"children\":[{\"type\":\"column\",\"props\":{\"image_position\":\"center-center\",\"position_sticky_breakpoint\":\"m\"},\"children\":[{\"type\":\"video\",\"props\":{\"animation\":\"slide-bottom-medium\",\"margin\":\"default\",\"video\":\"wp-content\\\/uploads\\\/2024\\\/02\\\/Can-Sabate-ESP-1080.mov\",\"video_controls\":true,\"video_poster\":\"wp-content\\\/uploads\\\/2024\\\/02\\\/Captura-de-pantalla-2024-02-13-a-las-17.45.54.png\",\"video_width\":\"2500\"}}]}]}],\"name\":\"Video\"},{\"type\":\"section\",\"props\":{\"animation\":\"fade\",\"image_position\":\"center-center\",\"padding\":\"xlarge\",\"style\":\"default\",\"title_breakpoint\":\"xl\",\"title_position\":\"top-left\",\"title_rotation\":\"left\",\"vertical_align\":\"middle\",\"width\":\"default\"},\"children\":[{\"type\":\"row\",\"children\":[{\"type\":\"column\",\"props\":{\"image_position\":\"center-center\",\"position_sticky_breakpoint\":\"m\"},\"children\":[{\"type\":\"slideshow\",\"props\":{\"animation\":\"slide-bottom-medium\",\"block_align\":\"center\",\"content_style\":\"h5\",\"image_height\":\"590\",\"image_width\":\"590\",\"link_style\":\"default\",\"link_text\":\"\",\"margin\":\"default\",\"maxwidth\":\"xlarge\",\"meta_align\":\"below-title\",\"meta_element\":\"div\",\"meta_style\":\"text-meta\",\"nav\":\"\",\"nav_align\":\"center\",\"nav_breakpoint\":\"s\",\"nav_position\":\"bottom-center\",\"nav_position_margin\":\"medium\",\"overlay_animation\":\"parallax\",\"overlay_position\":\"bottom-center\",\"overlay_style\":\"overlay-default\",\"show_content\":false,\"show_link\":false,\"show_meta\":false,\"show_thumbnail\":false,\"show_title\":false,\"slidenav\":\"default\",\"slidenav_breakpoint\":\"\",\"slidenav_margin\":\"medium\",\"slidenav_outside_breakpoint\":\"xl\",\"slideshow_autoplay_pause\":true,\"slideshow_min_height\":\"270\",\"slideshow_ratio\":\"1:1\",\"text_align\":\"center\",\"text_color\":\"light\",\"thumbnav_height\":\"75\",\"thumbnav_svg_color\":\"emphasis\",\"thumbnav_width\":\"100\",\"title_element\":\"h3\"},\"children\":[{\"type\":\"slideshow_item\",\"props\":{\"yooessentials_access_conditions\":[],\"yooessentials_access_mode\":\"AND\"},\"source\":{\"query\":{\"name\":\"instagram_817819_query\",\"arguments\":{\"media_type\":\"all\",\"limit\":20}},\"props\":{\"image\":{\"filters\":{\"search\":\"\"},\"name\":\"media_url\"}}}}]}]}]}],\"name\":\"Instagram\"}],\"version\":\"4.2.6\",\"yooessentialsVersion\":\"2.1.0\"} --><\/p>\n","protected":false},"excerpt":{"rendered":"<p>El camp \u00e9s la nostra ess\u00e8ncia Espais GASTRONOMIA La naturalesa \u00e9s la nostra inspiraci\u00f3<\/p>\n","protected":false},"author":1,"featured_media":0,"parent":0,"menu_order":3,"comment_status":"open","ping_status":"closed","template":"","meta":{"_acf_changed":false,"footnotes":""},"class_list":["post-1633","page","type-page","status-publish","hentry"],"acf":[],"yoast_head":"<!-- This site is optimized with the Yoast SEO plugin v27.4 - https:\/\/yoast.com\/product\/yoast-seo-wordpress\/ -->\n<title>Can Sabat\u00e9 - Espai senyorial amb tradici\u00f3 i eleg\u00e0ncia per a la vostra celebraci\u00f3.<\/title>\n<meta name=\"description\" content=\"Situada a 40 minuts de Barcelona, Can Sabat\u00e9 ofereix un ampli ventall de racons id\u00edl\u00b7lics per a celebracions aix\u00ed com tamb\u00e9 un servei complet d&#039;assessorament i protocol per a la planificaci\u00f3 de l&#039;esdeveniment amb la m\u00e0xima garantia d&#039;\u00e8xit. El nostre Xef executa una proposta gastron\u00f2mica \u00fanica per a cada client.\" \/>\n<meta name=\"robots\" content=\"index, follow, max-snippet:-1, max-image-preview:large, max-video-preview:-1\" \/>\n<link rel=\"canonical\" href=\"https:\/\/www.cansabate.com\/ca\/\" \/>\n<meta property=\"og:locale\" content=\"ca_ES\" \/>\n<meta property=\"og:type\" content=\"article\" \/>\n<meta property=\"og:title\" content=\"Can Sabat\u00e9 - Espai senyorial amb tradici\u00f3 i eleg\u00e0ncia per a la vostra celebraci\u00f3.\" \/>\n<meta property=\"og:description\" content=\"Situada a 40 minuts de Barcelona, Can Sabat\u00e9 ofereix un ampli ventall de racons id\u00edl\u00b7lics per a celebracions aix\u00ed com tamb\u00e9 un servei complet d&#039;assessorament i protocol per a la planificaci\u00f3 de l&#039;esdeveniment amb la m\u00e0xima garantia d&#039;\u00e8xit. El nostre Xef executa una proposta gastron\u00f2mica \u00fanica per a cada client.\" \/>\n<meta property=\"og:url\" content=\"https:\/\/www.cansabate.com\/ca\/\" \/>\n<meta property=\"og:site_name\" content=\"Can Sabat\u00e9\" \/>\n<meta property=\"article:publisher\" content=\"https:\/\/www.facebook.com\/Can-Sabate-1988132507971641\/\" \/>\n<meta property=\"article:modified_time\" content=\"2024-02-13T16:46:46+00:00\" \/>\n<meta property=\"og:image\" content=\"https:\/\/www.cansabate.com\/wp-content\/uploads\/2022\/03\/home-top-hero-bg.jpg\" \/>\n\t<meta property=\"og:image:width\" content=\"1950\" \/>\n\t<meta property=\"og:image:height\" content=\"1095\" \/>\n\t<meta property=\"og:image:type\" content=\"image\/jpeg\" \/>\n<meta name=\"twitter:card\" content=\"summary_large_image\" \/>\n<meta name=\"twitter:title\" content=\"Can Sabat\u00e9 - Espai senyorial amb tradici\u00f3 i eleg\u00e0ncia per a la vostra celebraci\u00f3.\" \/>\n<meta name=\"twitter:description\" content=\"Situada a 40 minuts de Barcelona, Can Sabat\u00e9 ofereix un ampli ventall de racons id\u00edl\u00b7lics per a celebracions aix\u00ed com tamb\u00e9 un servei complet d&#039;assessorament i protocol per a la planificaci\u00f3 de l&#039;esdeveniment amb la m\u00e0xima garantia d&#039;\u00e8xit. El nostre Xef executa una proposta gastron\u00f2mica \u00fanica per a cada client.\" \/>\n<meta name=\"twitter:image\" content=\"https:\/\/cansabate.com\/wp-content\/uploads\/2022\/03\/home-top-hero-bg-1024x575.jpg\" \/>\n<script type=\"application\/ld+json\" class=\"yoast-schema-graph\">{\"@context\":\"https:\\\/\\\/schema.org\",\"@graph\":[{\"@type\":\"WebPage\",\"@id\":\"https:\\\/\\\/www.cansabate.com\\\/ca\\\/\",\"url\":\"https:\\\/\\\/www.cansabate.com\\\/ca\\\/\",\"name\":\"Can Sabat\u00e9 - Espai senyorial amb tradici\u00f3 i eleg\u00e0ncia per a la vostra celebraci\u00f3.\",\"isPartOf\":{\"@id\":\"https:\\\/\\\/www.cansabate.com\\\/ca\\\/#website\"},\"datePublished\":\"2019-09-09T09:23:53+00:00\",\"dateModified\":\"2024-02-13T16:46:46+00:00\",\"description\":\"Situada a 40 minuts de Barcelona, Can Sabat\u00e9 ofereix un ampli ventall de racons id\u00edl\u00b7lics per a celebracions aix\u00ed com tamb\u00e9 un servei complet d'assessorament i protocol per a la planificaci\u00f3 de l'esdeveniment amb la m\u00e0xima garantia d'\u00e8xit. El nostre Xef executa una proposta gastron\u00f2mica \u00fanica per a cada client.\",\"breadcrumb\":{\"@id\":\"https:\\\/\\\/www.cansabate.com\\\/ca\\\/#breadcrumb\"},\"inLanguage\":\"ca\",\"potentialAction\":[{\"@type\":\"ReadAction\",\"target\":[\"https:\\\/\\\/www.cansabate.com\\\/ca\\\/\"]}]},{\"@type\":\"BreadcrumbList\",\"@id\":\"https:\\\/\\\/www.cansabate.com\\\/ca\\\/#breadcrumb\",\"itemListElement\":[{\"@type\":\"ListItem\",\"position\":1,\"name\":\"Portada\",\"item\":\"https:\\\/\\\/www.cansabate.com\\\/ca\\\/\"},{\"@type\":\"ListItem\",\"position\":2,\"name\":\"Inici\"}]},{\"@type\":\"WebSite\",\"@id\":\"https:\\\/\\\/www.cansabate.com\\\/ca\\\/#website\",\"url\":\"https:\\\/\\\/www.cansabate.com\\\/ca\\\/\",\"name\":\"Can Sabat\u00e9\",\"description\":\"Espacio se\u00f1orial con tradici\u00f3n y elegancia para tu celebraci\u00f3n.\",\"publisher\":{\"@id\":\"https:\\\/\\\/www.cansabate.com\\\/ca\\\/#organization\"},\"potentialAction\":[{\"@type\":\"SearchAction\",\"target\":{\"@type\":\"EntryPoint\",\"urlTemplate\":\"https:\\\/\\\/www.cansabate.com\\\/ca\\\/?s={search_term_string}\"},\"query-input\":{\"@type\":\"PropertyValueSpecification\",\"valueRequired\":true,\"valueName\":\"search_term_string\"}}],\"inLanguage\":\"ca\"},{\"@type\":\"Organization\",\"@id\":\"https:\\\/\\\/www.cansabate.com\\\/ca\\\/#organization\",\"name\":\"Can Sabat\u00e9\",\"url\":\"https:\\\/\\\/www.cansabate.com\\\/ca\\\/\",\"logo\":{\"@type\":\"ImageObject\",\"inLanguage\":\"ca\",\"@id\":\"https:\\\/\\\/www.cansabate.com\\\/ca\\\/#\\\/schema\\\/logo\\\/image\\\/\",\"url\":\"https:\\\/\\\/www.cansabate.com\\\/wp-content\\\/uploads\\\/2022\\\/03\\\/logo-can-sabate-negre.svg\",\"contentUrl\":\"https:\\\/\\\/www.cansabate.com\\\/wp-content\\\/uploads\\\/2022\\\/03\\\/logo-can-sabate-negre.svg\",\"width\":1,\"height\":1,\"caption\":\"Can Sabat\u00e9\"},\"image\":{\"@id\":\"https:\\\/\\\/www.cansabate.com\\\/ca\\\/#\\\/schema\\\/logo\\\/image\\\/\"},\"sameAs\":[\"https:\\\/\\\/www.facebook.com\\\/Can-Sabate-1988132507971641\\\/\",\"https:\\\/\\\/www.instagram.com\\\/can_sabate\\\/\"]}]}<\/script>\n<!-- \/ Yoast SEO plugin. -->","yoast_head_json":{"title":"Can Sabat\u00e9 - Espai senyorial amb tradici\u00f3 i eleg\u00e0ncia per a la vostra celebraci\u00f3.","description":"Situada a 40 minuts de Barcelona, Can Sabat\u00e9 ofereix un ampli ventall de racons id\u00edl\u00b7lics per a celebracions aix\u00ed com tamb\u00e9 un servei complet d'assessorament i protocol per a la planificaci\u00f3 de l'esdeveniment amb la m\u00e0xima garantia d'\u00e8xit. El nostre Xef executa una proposta gastron\u00f2mica \u00fanica per a cada client.","robots":{"index":"index","follow":"follow","max-snippet":"max-snippet:-1","max-image-preview":"max-image-preview:large","max-video-preview":"max-video-preview:-1"},"canonical":"https:\/\/www.cansabate.com\/ca\/","og_locale":"ca_ES","og_type":"article","og_title":"Can Sabat\u00e9 - Espai senyorial amb tradici\u00f3 i eleg\u00e0ncia per a la vostra celebraci\u00f3.","og_description":"Situada a 40 minuts de Barcelona, Can Sabat\u00e9 ofereix un ampli ventall de racons id\u00edl\u00b7lics per a celebracions aix\u00ed com tamb\u00e9 un servei complet d'assessorament i protocol per a la planificaci\u00f3 de l'esdeveniment amb la m\u00e0xima garantia d'\u00e8xit. El nostre Xef executa una proposta gastron\u00f2mica \u00fanica per a cada client.","og_url":"https:\/\/www.cansabate.com\/ca\/","og_site_name":"Can Sabat\u00e9","article_publisher":"https:\/\/www.facebook.com\/Can-Sabate-1988132507971641\/","article_modified_time":"2024-02-13T16:46:46+00:00","og_image":[{"width":1950,"height":1095,"url":"https:\/\/www.cansabate.com\/wp-content\/uploads\/2022\/03\/home-top-hero-bg.jpg","type":"image\/jpeg"}],"twitter_card":"summary_large_image","twitter_title":"Can Sabat\u00e9 - Espai senyorial amb tradici\u00f3 i eleg\u00e0ncia per a la vostra celebraci\u00f3.","twitter_description":"Situada a 40 minuts de Barcelona, Can Sabat\u00e9 ofereix un ampli ventall de racons id\u00edl\u00b7lics per a celebracions aix\u00ed com tamb\u00e9 un servei complet d'assessorament i protocol per a la planificaci\u00f3 de l'esdeveniment amb la m\u00e0xima garantia d'\u00e8xit. El nostre Xef executa una proposta gastron\u00f2mica \u00fanica per a cada client.","twitter_image":"https:\/\/cansabate.com\/wp-content\/uploads\/2022\/03\/home-top-hero-bg-1024x575.jpg","schema":{"@context":"https:\/\/schema.org","@graph":[{"@type":"WebPage","@id":"https:\/\/www.cansabate.com\/ca\/","url":"https:\/\/www.cansabate.com\/ca\/","name":"Can Sabat\u00e9 - Espai senyorial amb tradici\u00f3 i eleg\u00e0ncia per a la vostra celebraci\u00f3.","isPartOf":{"@id":"https:\/\/www.cansabate.com\/ca\/#website"},"datePublished":"2019-09-09T09:23:53+00:00","dateModified":"2024-02-13T16:46:46+00:00","description":"Situada a 40 minuts de Barcelona, Can Sabat\u00e9 ofereix un ampli ventall de racons id\u00edl\u00b7lics per a celebracions aix\u00ed com tamb\u00e9 un servei complet d'assessorament i protocol per a la planificaci\u00f3 de l'esdeveniment amb la m\u00e0xima garantia d'\u00e8xit. El nostre Xef executa una proposta gastron\u00f2mica \u00fanica per a cada client.","breadcrumb":{"@id":"https:\/\/www.cansabate.com\/ca\/#breadcrumb"},"inLanguage":"ca","potentialAction":[{"@type":"ReadAction","target":["https:\/\/www.cansabate.com\/ca\/"]}]},{"@type":"BreadcrumbList","@id":"https:\/\/www.cansabate.com\/ca\/#breadcrumb","itemListElement":[{"@type":"ListItem","position":1,"name":"Portada","item":"https:\/\/www.cansabate.com\/ca\/"},{"@type":"ListItem","position":2,"name":"Inici"}]},{"@type":"WebSite","@id":"https:\/\/www.cansabate.com\/ca\/#website","url":"https:\/\/www.cansabate.com\/ca\/","name":"Can Sabat\u00e9","description":"Espacio se\u00f1orial con tradici\u00f3n y elegancia para tu celebraci\u00f3n.","publisher":{"@id":"https:\/\/www.cansabate.com\/ca\/#organization"},"potentialAction":[{"@type":"SearchAction","target":{"@type":"EntryPoint","urlTemplate":"https:\/\/www.cansabate.com\/ca\/?s={search_term_string}"},"query-input":{"@type":"PropertyValueSpecification","valueRequired":true,"valueName":"search_term_string"}}],"inLanguage":"ca"},{"@type":"Organization","@id":"https:\/\/www.cansabate.com\/ca\/#organization","name":"Can Sabat\u00e9","url":"https:\/\/www.cansabate.com\/ca\/","logo":{"@type":"ImageObject","inLanguage":"ca","@id":"https:\/\/www.cansabate.com\/ca\/#\/schema\/logo\/image\/","url":"https:\/\/www.cansabate.com\/wp-content\/uploads\/2022\/03\/logo-can-sabate-negre.svg","contentUrl":"https:\/\/www.cansabate.com\/wp-content\/uploads\/2022\/03\/logo-can-sabate-negre.svg","width":1,"height":1,"caption":"Can Sabat\u00e9"},"image":{"@id":"https:\/\/www.cansabate.com\/ca\/#\/schema\/logo\/image\/"},"sameAs":["https:\/\/www.facebook.com\/Can-Sabate-1988132507971641\/","https:\/\/www.instagram.com\/can_sabate\/"]}]}},"_links":{"self":[{"href":"https:\/\/www.cansabate.com\/ca\/wp-json\/wp\/v2\/pages\/1633","targetHints":{"allow":["GET"]}}],"collection":[{"href":"https:\/\/www.cansabate.com\/ca\/wp-json\/wp\/v2\/pages"}],"about":[{"href":"https:\/\/www.cansabate.com\/ca\/wp-json\/wp\/v2\/types\/page"}],"author":[{"embeddable":true,"href":"https:\/\/www.cansabate.com\/ca\/wp-json\/wp\/v2\/users\/1"}],"replies":[{"embeddable":true,"href":"https:\/\/www.cansabate.com\/ca\/wp-json\/wp\/v2\/comments?post=1633"}],"version-history":[{"count":5,"href":"https:\/\/www.cansabate.com\/ca\/wp-json\/wp\/v2\/pages\/1633\/revisions"}],"predecessor-version":[{"id":2368,"href":"https:\/\/www.cansabate.com\/ca\/wp-json\/wp\/v2\/pages\/1633\/revisions\/2368"}],"wp:attachment":[{"href":"https:\/\/www.cansabate.com\/ca\/wp-json\/wp\/v2\/media?parent=1633"}],"curies":[{"name":"wp","href":"https:\/\/api.w.org\/{rel}","templated":true}]}}