{"id":2075,"date":"2022-03-17T09:09:37","date_gmt":"2022-03-17T08:09:37","guid":{"rendered":"https:\/\/www.cansabate.com\/politica-de-cookies\/"},"modified":"2022-03-17T09:13:19","modified_gmt":"2022-03-17T08:13:19","slug":"politica-de-cookies","status":"publish","type":"page","link":"https:\/\/www.cansabate.com\/ca\/politica-de-cookies\/","title":{"rendered":"Pol\u00edtica de cookies"},"content":{"rendered":"<h1>Pol\u00edtica de cookies<\/h1>\n<div>\n<div id=\"cookiefirst-policy-page\"><\/div>\n<div>Esta pol\u00edtica de cookies ha sido creada y actualizada por <a href=\"https:\/\/cookiefirst.com\">CookieFirst.com<\/a>.<\/div>\n<\/div>\n<p><!--more--><br \/>\n<!-- {\"type\":\"layout\",\"children\":[{\"type\":\"section\",\"props\":{\"style\":\"default\",\"width\":\"default\",\"vertical_align\":\"middle\",\"title_position\":\"top-left\",\"title_rotation\":\"left\",\"title_breakpoint\":\"xl\",\"image_position\":\"center-center\"},\"children\":[{\"type\":\"row\",\"children\":[{\"type\":\"column\",\"props\":{\"position_sticky_breakpoint\":\"m\",\"image_position\":\"center-center\",\"media_overlay_gradient\":\"\"},\"children\":[{\"type\":\"headline\",\"props\":{\"title_element\":\"h1\",\"content\":\"Pol\\u00edtica de cookies\",\"title_color\":\"primary\"}},{\"type\":\"html\",\"props\":{\"content\":\"\n\n<div id=\\\"cookiefirst-policy-page\\\"><\\\/div>\\n  \n\n<div>Esta pol\\u00edtica de cookies ha sido creada y actualizada por <a href=\\\"https:\\\/\\\/cookiefirst.com\\\">CookieFirst.com<\\\/a>.<\\\/div>\\n  \"}}]}]}]}],\"version\":\"2.7.20\",\"yooessentialsVersion\":\"1.6.0\"} --><\/p>\n","protected":false},"excerpt":{"rendered":"<p>Pol\u00edtica de cookies Esta pol\u00edtica de cookies ha sido creada y actualizada por CookieFirst.com.<\/p>\n","protected":false},"author":1,"featured_media":0,"parent":0,"menu_order":0,"comment_status":"closed","ping_status":"closed","template":"","meta":{"_acf_changed":false,"footnotes":""},"class_list":["post-2075","page","type-page","status-publish","hentry"],"acf":[],"yoast_head":"<!-- This site is optimized with the Yoast SEO plugin v27.4 - https:\/\/yoast.com\/product\/yoast-seo-wordpress\/ -->\n<title>Pol\u00edtica de cookies - Can Sabat\u00e9<\/title>\n<meta name=\"description\" content=\"Situada a 40 minutos de Barcelona, Can Sabat\u00e9 ofrece un amplio abanico de rincones id\u00edlicos para celebraciones as\u00ed como tambi\u00e9n un completo servicio se asesoramiento y protocolo para la planificaci\u00f3n del evento con la m\u00e1xima garant\u00eda de \u00e9xito. Nuestro Chef ejecuta una propuesta gastron\u00f3mica \u00fanica para cada cliente.\" \/>\n<meta name=\"robots\" content=\"index, follow, max-snippet:-1, max-image-preview:large, max-video-preview:-1\" \/>\n<link rel=\"canonical\" href=\"https:\/\/www.cansabate.com\/ca\/politica-de-cookies\/\" \/>\n<meta property=\"og:locale\" content=\"ca_ES\" \/>\n<meta property=\"og:type\" content=\"article\" \/>\n<meta property=\"og:title\" content=\"Pol\u00edtica de cookies - Can Sabat\u00e9\" \/>\n<meta property=\"og:description\" content=\"Situada a 40 minutos de Barcelona, Can Sabat\u00e9 ofrece un amplio abanico de rincones id\u00edlicos para celebraciones as\u00ed como tambi\u00e9n un completo servicio se asesoramiento y protocolo para la planificaci\u00f3n del evento con la m\u00e1xima garant\u00eda de \u00e9xito. Nuestro Chef ejecuta una propuesta gastron\u00f3mica \u00fanica para cada cliente.\" \/>\n<meta property=\"og:url\" content=\"https:\/\/www.cansabate.com\/ca\/politica-de-cookies\/\" \/>\n<meta property=\"og:site_name\" content=\"Can Sabat\u00e9\" \/>\n<meta property=\"article:publisher\" content=\"https:\/\/www.facebook.com\/Can-Sabate-1988132507971641\/\" \/>\n<meta property=\"article:modified_time\" content=\"2022-03-17T08:13:19+00:00\" \/>\n<meta name=\"twitter:card\" content=\"summary_large_image\" \/>\n<script type=\"application\/ld+json\" class=\"yoast-schema-graph\">{\"@context\":\"https:\\\/\\\/schema.org\",\"@graph\":[{\"@type\":\"WebPage\",\"@id\":\"https:\\\/\\\/www.cansabate.com\\\/ca\\\/politica-de-cookies\\\/\",\"url\":\"https:\\\/\\\/www.cansabate.com\\\/ca\\\/politica-de-cookies\\\/\",\"name\":\"Pol\u00edtica de cookies - Can Sabat\u00e9\",\"isPartOf\":{\"@id\":\"https:\\\/\\\/www.cansabate.com\\\/ca\\\/#website\"},\"datePublished\":\"2022-03-17T08:09:37+00:00\",\"dateModified\":\"2022-03-17T08:13:19+00:00\",\"description\":\"Situada a 40 minutos de Barcelona, Can Sabat\u00e9 ofrece un amplio abanico de rincones id\u00edlicos para celebraciones as\u00ed como tambi\u00e9n un completo servicio se asesoramiento y protocolo para la planificaci\u00f3n del evento con la m\u00e1xima garant\u00eda de \u00e9xito. Nuestro Chef ejecuta una propuesta gastron\u00f3mica \u00fanica para cada cliente.\",\"breadcrumb\":{\"@id\":\"https:\\\/\\\/www.cansabate.com\\\/ca\\\/politica-de-cookies\\\/#breadcrumb\"},\"inLanguage\":\"ca\",\"potentialAction\":[{\"@type\":\"ReadAction\",\"target\":[\"https:\\\/\\\/www.cansabate.com\\\/ca\\\/politica-de-cookies\\\/\"]}]},{\"@type\":\"BreadcrumbList\",\"@id\":\"https:\\\/\\\/www.cansabate.com\\\/ca\\\/politica-de-cookies\\\/#breadcrumb\",\"itemListElement\":[{\"@type\":\"ListItem\",\"position\":1,\"name\":\"Portada\",\"item\":\"https:\\\/\\\/www.cansabate.com\\\/ca\\\/\"},{\"@type\":\"ListItem\",\"position\":2,\"name\":\"Pol\u00edtica de cookies\"}]},{\"@type\":\"WebSite\",\"@id\":\"https:\\\/\\\/www.cansabate.com\\\/ca\\\/#website\",\"url\":\"https:\\\/\\\/www.cansabate.com\\\/ca\\\/\",\"name\":\"Can Sabat\u00e9\",\"description\":\"Espacio se\u00f1orial con tradici\u00f3n y elegancia para tu celebraci\u00f3n.\",\"publisher\":{\"@id\":\"https:\\\/\\\/www.cansabate.com\\\/ca\\\/#organization\"},\"potentialAction\":[{\"@type\":\"SearchAction\",\"target\":{\"@type\":\"EntryPoint\",\"urlTemplate\":\"https:\\\/\\\/www.cansabate.com\\\/ca\\\/?s={search_term_string}\"},\"query-input\":{\"@type\":\"PropertyValueSpecification\",\"valueRequired\":true,\"valueName\":\"search_term_string\"}}],\"inLanguage\":\"ca\"},{\"@type\":\"Organization\",\"@id\":\"https:\\\/\\\/www.cansabate.com\\\/ca\\\/#organization\",\"name\":\"Can Sabat\u00e9\",\"url\":\"https:\\\/\\\/www.cansabate.com\\\/ca\\\/\",\"logo\":{\"@type\":\"ImageObject\",\"inLanguage\":\"ca\",\"@id\":\"https:\\\/\\\/www.cansabate.com\\\/ca\\\/#\\\/schema\\\/logo\\\/image\\\/\",\"url\":\"https:\\\/\\\/www.cansabate.com\\\/wp-content\\\/uploads\\\/2022\\\/03\\\/logo-can-sabate-negre.svg\",\"contentUrl\":\"https:\\\/\\\/www.cansabate.com\\\/wp-content\\\/uploads\\\/2022\\\/03\\\/logo-can-sabate-negre.svg\",\"width\":1,\"height\":1,\"caption\":\"Can Sabat\u00e9\"},\"image\":{\"@id\":\"https:\\\/\\\/www.cansabate.com\\\/ca\\\/#\\\/schema\\\/logo\\\/image\\\/\"},\"sameAs\":[\"https:\\\/\\\/www.facebook.com\\\/Can-Sabate-1988132507971641\\\/\",\"https:\\\/\\\/www.instagram.com\\\/can_sabate\\\/\"]}]}<\/script>\n<!-- \/ Yoast SEO plugin. -->","yoast_head_json":{"title":"Pol\u00edtica de cookies - Can Sabat\u00e9","description":"Situada a 40 minutos de Barcelona, Can Sabat\u00e9 ofrece un amplio abanico de rincones id\u00edlicos para celebraciones as\u00ed como tambi\u00e9n un completo servicio se asesoramiento y protocolo para la planificaci\u00f3n del evento con la m\u00e1xima garant\u00eda de \u00e9xito. Nuestro Chef ejecuta una propuesta gastron\u00f3mica \u00fanica para cada cliente.","robots":{"index":"index","follow":"follow","max-snippet":"max-snippet:-1","max-image-preview":"max-image-preview:large","max-video-preview":"max-video-preview:-1"},"canonical":"https:\/\/www.cansabate.com\/ca\/politica-de-cookies\/","og_locale":"ca_ES","og_type":"article","og_title":"Pol\u00edtica de cookies - Can Sabat\u00e9","og_description":"Situada a 40 minutos de Barcelona, Can Sabat\u00e9 ofrece un amplio abanico de rincones id\u00edlicos para celebraciones as\u00ed como tambi\u00e9n un completo servicio se asesoramiento y protocolo para la planificaci\u00f3n del evento con la m\u00e1xima garant\u00eda de \u00e9xito. Nuestro Chef ejecuta una propuesta gastron\u00f3mica \u00fanica para cada cliente.","og_url":"https:\/\/www.cansabate.com\/ca\/politica-de-cookies\/","og_site_name":"Can Sabat\u00e9","article_publisher":"https:\/\/www.facebook.com\/Can-Sabate-1988132507971641\/","article_modified_time":"2022-03-17T08:13:19+00:00","twitter_card":"summary_large_image","schema":{"@context":"https:\/\/schema.org","@graph":[{"@type":"WebPage","@id":"https:\/\/www.cansabate.com\/ca\/politica-de-cookies\/","url":"https:\/\/www.cansabate.com\/ca\/politica-de-cookies\/","name":"Pol\u00edtica de cookies - Can Sabat\u00e9","isPartOf":{"@id":"https:\/\/www.cansabate.com\/ca\/#website"},"datePublished":"2022-03-17T08:09:37+00:00","dateModified":"2022-03-17T08:13:19+00:00","description":"Situada a 40 minutos de Barcelona, Can Sabat\u00e9 ofrece un amplio abanico de rincones id\u00edlicos para celebraciones as\u00ed como tambi\u00e9n un completo servicio se asesoramiento y protocolo para la planificaci\u00f3n del evento con la m\u00e1xima garant\u00eda de \u00e9xito. Nuestro Chef ejecuta una propuesta gastron\u00f3mica \u00fanica para cada cliente.","breadcrumb":{"@id":"https:\/\/www.cansabate.com\/ca\/politica-de-cookies\/#breadcrumb"},"inLanguage":"ca","potentialAction":[{"@type":"ReadAction","target":["https:\/\/www.cansabate.com\/ca\/politica-de-cookies\/"]}]},{"@type":"BreadcrumbList","@id":"https:\/\/www.cansabate.com\/ca\/politica-de-cookies\/#breadcrumb","itemListElement":[{"@type":"ListItem","position":1,"name":"Portada","item":"https:\/\/www.cansabate.com\/ca\/"},{"@type":"ListItem","position":2,"name":"Pol\u00edtica de cookies"}]},{"@type":"WebSite","@id":"https:\/\/www.cansabate.com\/ca\/#website","url":"https:\/\/www.cansabate.com\/ca\/","name":"Can Sabat\u00e9","description":"Espacio se\u00f1orial con tradici\u00f3n y elegancia para tu celebraci\u00f3n.","publisher":{"@id":"https:\/\/www.cansabate.com\/ca\/#organization"},"potentialAction":[{"@type":"SearchAction","target":{"@type":"EntryPoint","urlTemplate":"https:\/\/www.cansabate.com\/ca\/?s={search_term_string}"},"query-input":{"@type":"PropertyValueSpecification","valueRequired":true,"valueName":"search_term_string"}}],"inLanguage":"ca"},{"@type":"Organization","@id":"https:\/\/www.cansabate.com\/ca\/#organization","name":"Can Sabat\u00e9","url":"https:\/\/www.cansabate.com\/ca\/","logo":{"@type":"ImageObject","inLanguage":"ca","@id":"https:\/\/www.cansabate.com\/ca\/#\/schema\/logo\/image\/","url":"https:\/\/www.cansabate.com\/wp-content\/uploads\/2022\/03\/logo-can-sabate-negre.svg","contentUrl":"https:\/\/www.cansabate.com\/wp-content\/uploads\/2022\/03\/logo-can-sabate-negre.svg","width":1,"height":1,"caption":"Can Sabat\u00e9"},"image":{"@id":"https:\/\/www.cansabate.com\/ca\/#\/schema\/logo\/image\/"},"sameAs":["https:\/\/www.facebook.com\/Can-Sabate-1988132507971641\/","https:\/\/www.instagram.com\/can_sabate\/"]}]}},"_links":{"self":[{"href":"https:\/\/www.cansabate.com\/ca\/wp-json\/wp\/v2\/pages\/2075","targetHints":{"allow":["GET"]}}],"collection":[{"href":"https:\/\/www.cansabate.com\/ca\/wp-json\/wp\/v2\/pages"}],"about":[{"href":"https:\/\/www.cansabate.com\/ca\/wp-json\/wp\/v2\/types\/page"}],"author":[{"embeddable":true,"href":"https:\/\/www.cansabate.com\/ca\/wp-json\/wp\/v2\/users\/1"}],"replies":[{"embeddable":true,"href":"https:\/\/www.cansabate.com\/ca\/wp-json\/wp\/v2\/comments?post=2075"}],"version-history":[{"count":1,"href":"https:\/\/www.cansabate.com\/ca\/wp-json\/wp\/v2\/pages\/2075\/revisions"}],"predecessor-version":[{"id":2078,"href":"https:\/\/www.cansabate.com\/ca\/wp-json\/wp\/v2\/pages\/2075\/revisions\/2078"}],"wp:attachment":[{"href":"https:\/\/www.cansabate.com\/ca\/wp-json\/wp\/v2\/media?parent=2075"}],"curies":[{"name":"wp","href":"https:\/\/api.w.org\/{rel}","templated":true}]}}