{"id":2079,"date":"2022-03-17T09:09:08","date_gmt":"2022-03-17T08:09:08","guid":{"rendered":"https:\/\/www.cansabate.com\/aviso-legal\/"},"modified":"2022-03-17T09:15:04","modified_gmt":"2022-03-17T08:15:04","slug":"avis-legal","status":"publish","type":"page","link":"https:\/\/www.cansabate.com\/ca\/avis-legal\/","title":{"rendered":"Av\u00eds legal"},"content":{"rendered":"","protected":false},"excerpt":{"rendered":"","protected":false},"author":1,"featured_media":0,"parent":0,"menu_order":0,"comment_status":"closed","ping_status":"closed","template":"","meta":{"_acf_changed":false,"footnotes":""},"class_list":["post-2079","page","type-page","status-publish","hentry"],"acf":[],"yoast_head":"<!-- This site is optimized with the Yoast SEO plugin v27.4 - https:\/\/yoast.com\/product\/yoast-seo-wordpress\/ -->\n<title>Av\u00eds legal - Can Sabat\u00e9<\/title>\n<meta name=\"description\" content=\"Situada a 40 minutos de Barcelona, Can Sabat\u00e9 ofrece un amplio abanico de rincones id\u00edlicos para celebraciones as\u00ed como tambi\u00e9n un completo servicio se asesoramiento y protocolo para la planificaci\u00f3n del evento con la m\u00e1xima garant\u00eda de \u00e9xito. Nuestro Chef ejecuta una propuesta gastron\u00f3mica \u00fanica para cada cliente.\" \/>\n<meta name=\"robots\" content=\"index, follow, max-snippet:-1, max-image-preview:large, max-video-preview:-1\" \/>\n<link rel=\"canonical\" href=\"https:\/\/www.cansabate.com\/ca\/avis-legal\/\" \/>\n<meta property=\"og:locale\" content=\"ca_ES\" \/>\n<meta property=\"og:type\" content=\"article\" \/>\n<meta property=\"og:title\" content=\"Av\u00eds legal - Can Sabat\u00e9\" \/>\n<meta property=\"og:description\" content=\"Situada a 40 minutos de Barcelona, Can Sabat\u00e9 ofrece un amplio abanico de rincones id\u00edlicos para celebraciones as\u00ed como tambi\u00e9n un completo servicio se asesoramiento y protocolo para la planificaci\u00f3n del evento con la m\u00e1xima garant\u00eda de \u00e9xito. Nuestro Chef ejecuta una propuesta gastron\u00f3mica \u00fanica para cada cliente.\" \/>\n<meta property=\"og:url\" content=\"https:\/\/www.cansabate.com\/ca\/avis-legal\/\" \/>\n<meta property=\"og:site_name\" content=\"Can Sabat\u00e9\" \/>\n<meta property=\"article:publisher\" content=\"https:\/\/www.facebook.com\/Can-Sabate-1988132507971641\/\" \/>\n<meta property=\"article:modified_time\" content=\"2022-03-17T08:15:04+00:00\" \/>\n<meta name=\"twitter:card\" content=\"summary_large_image\" \/>\n<script type=\"application\/ld+json\" class=\"yoast-schema-graph\">{\"@context\":\"https:\\\/\\\/schema.org\",\"@graph\":[{\"@type\":\"WebPage\",\"@id\":\"https:\\\/\\\/www.cansabate.com\\\/ca\\\/avis-legal\\\/\",\"url\":\"https:\\\/\\\/www.cansabate.com\\\/ca\\\/avis-legal\\\/\",\"name\":\"Av\u00eds legal - Can Sabat\u00e9\",\"isPartOf\":{\"@id\":\"https:\\\/\\\/www.cansabate.com\\\/ca\\\/#website\"},\"datePublished\":\"2022-03-17T08:09:08+00:00\",\"dateModified\":\"2022-03-17T08:15:04+00:00\",\"description\":\"Situada a 40 minutos de Barcelona, Can Sabat\u00e9 ofrece un amplio abanico de rincones id\u00edlicos para celebraciones as\u00ed como tambi\u00e9n un completo servicio se asesoramiento y protocolo para la planificaci\u00f3n del evento con la m\u00e1xima garant\u00eda de \u00e9xito. Nuestro Chef ejecuta una propuesta gastron\u00f3mica \u00fanica para cada cliente.\",\"breadcrumb\":{\"@id\":\"https:\\\/\\\/www.cansabate.com\\\/ca\\\/avis-legal\\\/#breadcrumb\"},\"inLanguage\":\"ca\",\"potentialAction\":[{\"@type\":\"ReadAction\",\"target\":[\"https:\\\/\\\/www.cansabate.com\\\/ca\\\/avis-legal\\\/\"]}]},{\"@type\":\"BreadcrumbList\",\"@id\":\"https:\\\/\\\/www.cansabate.com\\\/ca\\\/avis-legal\\\/#breadcrumb\",\"itemListElement\":[{\"@type\":\"ListItem\",\"position\":1,\"name\":\"Portada\",\"item\":\"https:\\\/\\\/www.cansabate.com\\\/ca\\\/\"},{\"@type\":\"ListItem\",\"position\":2,\"name\":\"Av\u00eds legal\"}]},{\"@type\":\"WebSite\",\"@id\":\"https:\\\/\\\/www.cansabate.com\\\/ca\\\/#website\",\"url\":\"https:\\\/\\\/www.cansabate.com\\\/ca\\\/\",\"name\":\"Can Sabat\u00e9\",\"description\":\"Espacio se\u00f1orial con tradici\u00f3n y elegancia para tu celebraci\u00f3n.\",\"publisher\":{\"@id\":\"https:\\\/\\\/www.cansabate.com\\\/ca\\\/#organization\"},\"potentialAction\":[{\"@type\":\"SearchAction\",\"target\":{\"@type\":\"EntryPoint\",\"urlTemplate\":\"https:\\\/\\\/www.cansabate.com\\\/ca\\\/?s={search_term_string}\"},\"query-input\":{\"@type\":\"PropertyValueSpecification\",\"valueRequired\":true,\"valueName\":\"search_term_string\"}}],\"inLanguage\":\"ca\"},{\"@type\":\"Organization\",\"@id\":\"https:\\\/\\\/www.cansabate.com\\\/ca\\\/#organization\",\"name\":\"Can Sabat\u00e9\",\"url\":\"https:\\\/\\\/www.cansabate.com\\\/ca\\\/\",\"logo\":{\"@type\":\"ImageObject\",\"inLanguage\":\"ca\",\"@id\":\"https:\\\/\\\/www.cansabate.com\\\/ca\\\/#\\\/schema\\\/logo\\\/image\\\/\",\"url\":\"https:\\\/\\\/www.cansabate.com\\\/wp-content\\\/uploads\\\/2022\\\/03\\\/logo-can-sabate-negre.svg\",\"contentUrl\":\"https:\\\/\\\/www.cansabate.com\\\/wp-content\\\/uploads\\\/2022\\\/03\\\/logo-can-sabate-negre.svg\",\"width\":1,\"height\":1,\"caption\":\"Can Sabat\u00e9\"},\"image\":{\"@id\":\"https:\\\/\\\/www.cansabate.com\\\/ca\\\/#\\\/schema\\\/logo\\\/image\\\/\"},\"sameAs\":[\"https:\\\/\\\/www.facebook.com\\\/Can-Sabate-1988132507971641\\\/\",\"https:\\\/\\\/www.instagram.com\\\/can_sabate\\\/\"]}]}<\/script>\n<!-- \/ Yoast SEO plugin. -->","yoast_head_json":{"title":"Av\u00eds legal - Can Sabat\u00e9","description":"Situada a 40 minutos de Barcelona, Can Sabat\u00e9 ofrece un amplio abanico de rincones id\u00edlicos para celebraciones as\u00ed como tambi\u00e9n un completo servicio se asesoramiento y protocolo para la planificaci\u00f3n del evento con la m\u00e1xima garant\u00eda de \u00e9xito. Nuestro Chef ejecuta una propuesta gastron\u00f3mica \u00fanica para cada cliente.","robots":{"index":"index","follow":"follow","max-snippet":"max-snippet:-1","max-image-preview":"max-image-preview:large","max-video-preview":"max-video-preview:-1"},"canonical":"https:\/\/www.cansabate.com\/ca\/avis-legal\/","og_locale":"ca_ES","og_type":"article","og_title":"Av\u00eds legal - Can Sabat\u00e9","og_description":"Situada a 40 minutos de Barcelona, Can Sabat\u00e9 ofrece un amplio abanico de rincones id\u00edlicos para celebraciones as\u00ed como tambi\u00e9n un completo servicio se asesoramiento y protocolo para la planificaci\u00f3n del evento con la m\u00e1xima garant\u00eda de \u00e9xito. Nuestro Chef ejecuta una propuesta gastron\u00f3mica \u00fanica para cada cliente.","og_url":"https:\/\/www.cansabate.com\/ca\/avis-legal\/","og_site_name":"Can Sabat\u00e9","article_publisher":"https:\/\/www.facebook.com\/Can-Sabate-1988132507971641\/","article_modified_time":"2022-03-17T08:15:04+00:00","twitter_card":"summary_large_image","schema":{"@context":"https:\/\/schema.org","@graph":[{"@type":"WebPage","@id":"https:\/\/www.cansabate.com\/ca\/avis-legal\/","url":"https:\/\/www.cansabate.com\/ca\/avis-legal\/","name":"Av\u00eds legal - Can Sabat\u00e9","isPartOf":{"@id":"https:\/\/www.cansabate.com\/ca\/#website"},"datePublished":"2022-03-17T08:09:08+00:00","dateModified":"2022-03-17T08:15:04+00:00","description":"Situada a 40 minutos de Barcelona, Can Sabat\u00e9 ofrece un amplio abanico de rincones id\u00edlicos para celebraciones as\u00ed como tambi\u00e9n un completo servicio se asesoramiento y protocolo para la planificaci\u00f3n del evento con la m\u00e1xima garant\u00eda de \u00e9xito. Nuestro Chef ejecuta una propuesta gastron\u00f3mica \u00fanica para cada cliente.","breadcrumb":{"@id":"https:\/\/www.cansabate.com\/ca\/avis-legal\/#breadcrumb"},"inLanguage":"ca","potentialAction":[{"@type":"ReadAction","target":["https:\/\/www.cansabate.com\/ca\/avis-legal\/"]}]},{"@type":"BreadcrumbList","@id":"https:\/\/www.cansabate.com\/ca\/avis-legal\/#breadcrumb","itemListElement":[{"@type":"ListItem","position":1,"name":"Portada","item":"https:\/\/www.cansabate.com\/ca\/"},{"@type":"ListItem","position":2,"name":"Av\u00eds legal"}]},{"@type":"WebSite","@id":"https:\/\/www.cansabate.com\/ca\/#website","url":"https:\/\/www.cansabate.com\/ca\/","name":"Can Sabat\u00e9","description":"Espacio se\u00f1orial con tradici\u00f3n y elegancia para tu celebraci\u00f3n.","publisher":{"@id":"https:\/\/www.cansabate.com\/ca\/#organization"},"potentialAction":[{"@type":"SearchAction","target":{"@type":"EntryPoint","urlTemplate":"https:\/\/www.cansabate.com\/ca\/?s={search_term_string}"},"query-input":{"@type":"PropertyValueSpecification","valueRequired":true,"valueName":"search_term_string"}}],"inLanguage":"ca"},{"@type":"Organization","@id":"https:\/\/www.cansabate.com\/ca\/#organization","name":"Can Sabat\u00e9","url":"https:\/\/www.cansabate.com\/ca\/","logo":{"@type":"ImageObject","inLanguage":"ca","@id":"https:\/\/www.cansabate.com\/ca\/#\/schema\/logo\/image\/","url":"https:\/\/www.cansabate.com\/wp-content\/uploads\/2022\/03\/logo-can-sabate-negre.svg","contentUrl":"https:\/\/www.cansabate.com\/wp-content\/uploads\/2022\/03\/logo-can-sabate-negre.svg","width":1,"height":1,"caption":"Can Sabat\u00e9"},"image":{"@id":"https:\/\/www.cansabate.com\/ca\/#\/schema\/logo\/image\/"},"sameAs":["https:\/\/www.facebook.com\/Can-Sabate-1988132507971641\/","https:\/\/www.instagram.com\/can_sabate\/"]}]}},"_links":{"self":[{"href":"https:\/\/www.cansabate.com\/ca\/wp-json\/wp\/v2\/pages\/2079","targetHints":{"allow":["GET"]}}],"collection":[{"href":"https:\/\/www.cansabate.com\/ca\/wp-json\/wp\/v2\/pages"}],"about":[{"href":"https:\/\/www.cansabate.com\/ca\/wp-json\/wp\/v2\/types\/page"}],"author":[{"embeddable":true,"href":"https:\/\/www.cansabate.com\/ca\/wp-json\/wp\/v2\/users\/1"}],"replies":[{"embeddable":true,"href":"https:\/\/www.cansabate.com\/ca\/wp-json\/wp\/v2\/comments?post=2079"}],"version-history":[{"count":2,"href":"https:\/\/www.cansabate.com\/ca\/wp-json\/wp\/v2\/pages\/2079\/revisions"}],"predecessor-version":[{"id":2083,"href":"https:\/\/www.cansabate.com\/ca\/wp-json\/wp\/v2\/pages\/2079\/revisions\/2083"}],"wp:attachment":[{"href":"https:\/\/www.cansabate.com\/ca\/wp-json\/wp\/v2\/media?parent=2079"}],"curies":[{"name":"wp","href":"https:\/\/api.w.org\/{rel}","templated":true}]}}