{"id":1898,"date":"2019-09-09T11:23:53","date_gmt":"2019-09-09T09:23:53","guid":{"rendered":"https:\/\/cansabate.com\/?page_id=1898"},"modified":"2022-03-16T11:43:19","modified_gmt":"2022-03-16T10:43:19","slug":"gastronomia","status":"publish","type":"page","link":"https:\/\/www.cansabate.com\/en\/gastronomia\/","title":{"rendered":"Gastronomy"},"content":{"rendered":"<div>\n<h1>GASTRONOMY<\/h1>\n<div>\n<p>Traditional cuisine with a touch of modernity. Our chef offers a menu tailored to suit you. Each client will be offered a unique gastronomic proposal in our signature style that offers ambitious and exciting dishes made with the highest quality ingredients.\u00a0<\/p>\n<\/div>\n<\/div>\n<h1>\n<p>Pure emotion<\/p>\n<\/h1>\n<ul>\n<li>\n<p>        <img decoding=\"async\" src=\"\/cansabate\/wp-content\/uploads\/2022\/03\/gastronomia-1.jpg\" alt=\"\"><\/p>\n<h3>gastronomia-1<\/h3>\n<\/li>\n<li>\n<p>        <img decoding=\"async\" src=\"\/cansabate\/wp-content\/uploads\/2022\/03\/gastronomia-2.jpg\" alt=\"\"><\/p>\n<h3>gastronomia-2<\/h3>\n<\/li>\n<li>\n<p>        <img decoding=\"async\" src=\"\/cansabate\/wp-content\/uploads\/2022\/03\/gastronomia-3.jpg\" alt=\"\"><\/p>\n<h3>gastronomia-3<\/h3>\n<\/li>\n<li>\n<p>        <img decoding=\"async\" src=\"\/cansabate\/wp-content\/uploads\/2022\/03\/gastronomia-4.jpg\" alt=\"\"><\/p>\n<h3>gastronomia-4<\/h3>\n<\/li>\n<li>\n<p>        <img decoding=\"async\" src=\"\/cansabate\/wp-content\/uploads\/2022\/03\/gastronomia-5.jpg\" alt=\"\"><\/p>\n<h3>gastronomia-5<\/h3>\n<\/li>\n<li>\n<p>        <img decoding=\"async\" src=\"\/cansabate\/wp-content\/uploads\/2022\/03\/gastronomia-6.jpg\" alt=\"\"><\/p>\n<h3>gastronomia-6<\/h3>\n<\/li>\n<li>\n<p>        <img decoding=\"async\" src=\"\/cansabate\/wp-content\/uploads\/2022\/03\/gastronomia-7.jpg\" alt=\"\"><\/p>\n<h3>gastronomia-7<\/h3>\n<\/li>\n<li>\n<p>        <img decoding=\"async\" src=\"\/cansabate\/wp-content\/uploads\/2022\/03\/gastronomia-8.jpg\" alt=\"\"><\/p>\n<h3>gastronomia-8<\/h3>\n<\/li>\n<li>\n<p>        <img decoding=\"async\" src=\"\/cansabate\/wp-content\/uploads\/2022\/03\/gastronomia-9.jpg\" alt=\"\"><\/p>\n<h3>gastronomia-9<\/h3>\n<\/li>\n<\/ul>\n<p><!--more--><br \/>\n<!-- {\"type\":\"layout\",\"children\":[{\"type\":\"section\",\"props\":{\"style\":\"default\",\"width\":\"\",\"vertical_align\":\"middle\",\"title_position\":\"top-left\",\"title_rotation\":\"left\",\"title_breakpoint\":\"xl\",\"image_position\":\"center-center\",\"header_transparent_noplaceholder\":false,\"padding\":\"none\",\"animation\":\"fade\"},\"children\":[{\"type\":\"row\",\"children\":[{\"type\":\"column\",\"props\":{\"position_sticky_breakpoint\":\"m\",\"image_position\":\"center-center\",\"media_overlay_gradient\":\"\",\"width_medium\":\"1-2\",\"width_small\":\"\",\"width_large\":\"3-5\",\"image\":\"wp-content\\\/uploads\\\/2022\\\/03\\\/gastronomia-top-img.jpg\",\"image_size\":\"cover\",\"attributes\":\"\",\"css\":\"@media(min-width:960px){\\n .el-column{\\n \\tmin-height: calc(-95px + 100vh);\\n }\\n}\\n@media(max-width:959px){\\n .el-column{\\n \\tmin-height: 400px;\\n }\\n}\"},\"children\":[]},{\"type\":\"column\",\"props\":{\"position_sticky_breakpoint\":\"m\",\"image_position\":\"center-center\",\"media_overlay_gradient\":\"\",\"width_medium\":\"1-2\",\"vertical_align\":\"middle\",\"style\":\"muted\",\"width_small\":\"\",\"width_large\":\"2-5\"},\"children\":[{\"type\":\"panel\",\"props\":{\"link_text\":\"Read more\",\"title_hover_style\":\"reset\",\"title_element\":\"h1\",\"title_align\":\"top\",\"title_grid_width\":\"1-2\",\"title_grid_breakpoint\":\"m\",\"meta_style\":\"meta\",\"meta_align\":\"below-title\",\"meta_element\":\"div\",\"content_column_breakpoint\":\"m\",\"icon_width\":80,\"image_align\":\"left\",\"image_grid_width\":\"3-5\",\"image_grid_breakpoint\":\"m\",\"image_svg_color\":\"emphasis\",\"link_style\":\"default\",\"margin\":\"default\",\"image\":\"\",\"title\":\"GASTRONOMY\",\"content\":\"\n\n<p>Traditional cuisine with a touch of modernity. Our chef offers a menu tailored to suit you. Each client will be offered a unique gastronomic proposal in our signature style that offers ambitious and exciting dishes made with the highest quality ingredients.\\u00a0<\\\/p>\",\"image_vertical_align\":true,\"title_style\":\"lead\",\"panel_padding\":\"default\",\"panel_image_no_padding\":true,\"content_margin\":\"large\",\"animation\":\"slide-bottom-medium\"}}]}],\"props\":{\"layout\":\"3-5,2-5\",\"column_gap\":\"collapse\",\"row_gap\":\"collapse\",\"match\":false}}],\"name\":\"Top 2 Columns\"},{\"type\":\"section\",\"props\":{\"style\":\"default\",\"width\":\"default\",\"vertical_align\":\"middle\",\"title_position\":\"top-left\",\"title_rotation\":\"left\",\"title_breakpoint\":\"xl\",\"image_position\":\"center-center\",\"animation\":\"fade\",\"padding\":\"large\"},\"children\":[{\"type\":\"row\",\"children\":[{\"type\":\"column\",\"props\":{\"position_sticky_breakpoint\":\"m\",\"image_position\":\"center-center\",\"media_overlay_gradient\":\"\"},\"children\":[{\"type\":\"headline\",\"props\":{\"title_element\":\"h1\",\"content\":\"\n\n<p>Pure emotion<\\\/p>\",\"text_align\":\"center\",\"title_style\":\"h1\",\"css\":\"@media(max-width:450px){\\n    .el-element{\\n        max-width: 220px;\\n        margin-left: auto;\\n        margin-right: auto;\\n    }\\n}\",\"animation\":\"slide-bottom-medium\",\"maxwidth\":\"2xlarge\",\"block_align\":\"center\"}}]}]}],\"name\":\"Frase\"},{\"type\":\"section\",\"props\":{\"style\":\"default\",\"width\":\"\",\"vertical_align\":\"middle\",\"title_position\":\"top-left\",\"title_rotation\":\"left\",\"title_breakpoint\":\"xl\",\"image_position\":\"center-center\",\"padding_remove_top\":true,\"animation\":\"fade\",\"animation_delay\":\"100\"},\"children\":[{\"type\":\"row\",\"children\":[{\"type\":\"column\",\"props\":{\"position_sticky_breakpoint\":\"m\",\"image_position\":\"center-center\",\"media_overlay_gradient\":\"\"},\"children\":[{\"type\":\"gallery\",\"props\":{\"show_title\":false,\"show_meta\":false,\"show_content\":false,\"show_link\":false,\"show_hover_image\":false,\"grid_default\":\"2\",\"grid_medium\":\"3\",\"filter_style\":\"tab\",\"filter_all\":true,\"filter_position\":\"top\",\"filter_align\":\"left\",\"filter_grid_width\":\"auto\",\"filter_grid_breakpoint\":\"m\",\"overlay_mode\":\"cover\",\"overlay_hover\":false,\"overlay_style\":\"\",\"text_color\":\"light\",\"overlay_position\":\"center\",\"overlay_transition\":\"fade\",\"title_hover_style\":\"reset\",\"title_element\":\"h3\",\"meta_style\":\"meta\",\"meta_align\":\"below-title\",\"meta_element\":\"div\",\"link_text\":\"Read more\",\"link_style\":\"default\",\"text_align\":\"center\",\"margin\":\"default\",\"item_animation\":true,\"grid_column_gap\":\"collapse\",\"grid_row_gap\":\"collapse\",\"grid_small\":\"3\",\"css\":\"@media(max-width:639px){\\n    .el-element .uk-grid > div:last-child{\\n        display:none;\\n    }\\n}\"},\"children\":[{\"type\":\"gallery_item\",\"props\":{\"title\":\"gastronomia-1\",\"image\":\"wp-content\\\/uploads\\\/2022\\\/03\\\/gastronomia-1.jpg\"}},{\"type\":\"gallery_item\",\"props\":{\"title\":\"gastronomia-2\",\"image\":\"wp-content\\\/uploads\\\/2022\\\/03\\\/gastronomia-2.jpg\"}},{\"type\":\"gallery_item\",\"props\":{\"title\":\"gastronomia-3\",\"image\":\"wp-content\\\/uploads\\\/2022\\\/03\\\/gastronomia-3.jpg\"}},{\"type\":\"gallery_item\",\"props\":{\"title\":\"gastronomia-4\",\"image\":\"wp-content\\\/uploads\\\/2022\\\/03\\\/gastronomia-4.jpg\"}},{\"type\":\"gallery_item\",\"props\":{\"title\":\"gastronomia-5\",\"image\":\"wp-content\\\/uploads\\\/2022\\\/03\\\/gastronomia-5.jpg\"}},{\"type\":\"gallery_item\",\"props\":{\"title\":\"gastronomia-6\",\"image\":\"wp-content\\\/uploads\\\/2022\\\/03\\\/gastronomia-6.jpg\"}},{\"type\":\"gallery_item\",\"props\":{\"title\":\"gastronomia-7\",\"image\":\"wp-content\\\/uploads\\\/2022\\\/03\\\/gastronomia-7.jpg\"}},{\"type\":\"gallery_item\",\"props\":{\"title\":\"gastronomia-8\",\"image\":\"wp-content\\\/uploads\\\/2022\\\/03\\\/gastronomia-8.jpg\"}},{\"type\":\"gallery_item\",\"props\":{\"title\":\"gastronomia-9\",\"image\":\"wp-content\\\/uploads\\\/2022\\\/03\\\/gastronomia-9.jpg\"}}]}]}]}]}],\"version\":\"2.7.20\",\"yooessentialsVersion\":\"1.5.15\"} --><\/p>\n","protected":false},"excerpt":{"rendered":"<p>GASTRONOMY Traditional cuisine with a touch of modernity. Our chef offers a menu tailored to suit you. Each client will be offered a unique gastronomic proposal in our signature style that offers ambitious and exciting dishes made with the highest quality ingredients.\u00a0 Pure emotion gastronomia-1 gastronomia-2 gastronomia-3 gastronomia-4 gastronomia-5 gastronomia-6 gastronomia-7 gastronomia-8 gastronomia-9<\/p>\n","protected":false},"author":1,"featured_media":0,"parent":0,"menu_order":4,"comment_status":"open","ping_status":"closed","template":"","meta":{"_acf_changed":false,"footnotes":""},"class_list":["post-1898","page","type-page","status-publish","hentry"],"acf":[],"yoast_head":"<!-- This site is optimized with the Yoast SEO plugin v27.4 - https:\/\/yoast.com\/product\/yoast-seo-wordpress\/ -->\n<title>Gastronomy - Can Sabat\u00e9<\/title>\n<meta name=\"description\" content=\"Situada a 40 minutos de Barcelona, Can Sabat\u00e9 ofrece un amplio abanico de rincones id\u00edlicos para celebraciones as\u00ed como tambi\u00e9n un completo servicio se asesoramiento y protocolo para la planificaci\u00f3n del evento con la m\u00e1xima garant\u00eda de \u00e9xito. Nuestro Chef ejecuta una propuesta gastron\u00f3mica \u00fanica para cada cliente.\" \/>\n<meta name=\"robots\" content=\"index, follow, max-snippet:-1, max-image-preview:large, max-video-preview:-1\" \/>\n<link rel=\"canonical\" href=\"https:\/\/www.cansabate.com\/en\/gastronomia\/\" \/>\n<meta property=\"og:locale\" content=\"en_US\" \/>\n<meta property=\"og:type\" content=\"article\" \/>\n<meta property=\"og:title\" content=\"Gastronomy - Can Sabat\u00e9\" \/>\n<meta property=\"og:description\" content=\"Situada a 40 minutos de Barcelona, Can Sabat\u00e9 ofrece un amplio abanico de rincones id\u00edlicos para celebraciones as\u00ed como tambi\u00e9n un completo servicio se asesoramiento y protocolo para la planificaci\u00f3n del evento con la m\u00e1xima garant\u00eda de \u00e9xito. Nuestro Chef ejecuta una propuesta gastron\u00f3mica \u00fanica para cada cliente.\" \/>\n<meta property=\"og:url\" content=\"https:\/\/www.cansabate.com\/en\/gastronomia\/\" \/>\n<meta property=\"og:site_name\" content=\"Can Sabat\u00e9\" \/>\n<meta property=\"article:publisher\" content=\"https:\/\/www.facebook.com\/Can-Sabate-1988132507971641\/\" \/>\n<meta property=\"article:modified_time\" content=\"2022-03-16T10:43:19+00:00\" \/>\n<meta property=\"og:image\" content=\"https:\/\/www.cansabate.com\/cansabate\/wp-content\/uploads\/2022\/03\/gastronomia-1.jpg\" \/>\n<meta name=\"twitter:card\" content=\"summary_large_image\" \/>\n<script type=\"application\/ld+json\" class=\"yoast-schema-graph\">{\"@context\":\"https:\\\/\\\/schema.org\",\"@graph\":[{\"@type\":\"WebPage\",\"@id\":\"https:\\\/\\\/www.cansabate.com\\\/en\\\/gastronomia\\\/\",\"url\":\"https:\\\/\\\/www.cansabate.com\\\/en\\\/gastronomia\\\/\",\"name\":\"Gastronomy - Can Sabat\u00e9\",\"isPartOf\":{\"@id\":\"https:\\\/\\\/www.cansabate.com\\\/en\\\/#website\"},\"datePublished\":\"2019-09-09T09:23:53+00:00\",\"dateModified\":\"2022-03-16T10:43:19+00:00\",\"description\":\"Situada a 40 minutos de Barcelona, Can Sabat\u00e9 ofrece un amplio abanico de rincones id\u00edlicos para celebraciones as\u00ed como tambi\u00e9n un completo servicio se asesoramiento y protocolo para la planificaci\u00f3n del evento con la m\u00e1xima garant\u00eda de \u00e9xito. Nuestro Chef ejecuta una propuesta gastron\u00f3mica \u00fanica para cada cliente.\",\"breadcrumb\":{\"@id\":\"https:\\\/\\\/www.cansabate.com\\\/en\\\/gastronomia\\\/#breadcrumb\"},\"inLanguage\":\"en-US\",\"potentialAction\":[{\"@type\":\"ReadAction\",\"target\":[\"https:\\\/\\\/www.cansabate.com\\\/en\\\/gastronomia\\\/\"]}]},{\"@type\":\"BreadcrumbList\",\"@id\":\"https:\\\/\\\/www.cansabate.com\\\/en\\\/gastronomia\\\/#breadcrumb\",\"itemListElement\":[{\"@type\":\"ListItem\",\"position\":1,\"name\":\"Portada\",\"item\":\"https:\\\/\\\/www.cansabate.com\\\/en\\\/\"},{\"@type\":\"ListItem\",\"position\":2,\"name\":\"Gastronomy\"}]},{\"@type\":\"WebSite\",\"@id\":\"https:\\\/\\\/www.cansabate.com\\\/en\\\/#website\",\"url\":\"https:\\\/\\\/www.cansabate.com\\\/en\\\/\",\"name\":\"Can Sabat\u00e9\",\"description\":\"Espacio se\u00f1orial con tradici\u00f3n y elegancia para tu celebraci\u00f3n.\",\"publisher\":{\"@id\":\"https:\\\/\\\/www.cansabate.com\\\/en\\\/#organization\"},\"potentialAction\":[{\"@type\":\"SearchAction\",\"target\":{\"@type\":\"EntryPoint\",\"urlTemplate\":\"https:\\\/\\\/www.cansabate.com\\\/en\\\/?s={search_term_string}\"},\"query-input\":{\"@type\":\"PropertyValueSpecification\",\"valueRequired\":true,\"valueName\":\"search_term_string\"}}],\"inLanguage\":\"en-US\"},{\"@type\":\"Organization\",\"@id\":\"https:\\\/\\\/www.cansabate.com\\\/en\\\/#organization\",\"name\":\"Can Sabat\u00e9\",\"url\":\"https:\\\/\\\/www.cansabate.com\\\/en\\\/\",\"logo\":{\"@type\":\"ImageObject\",\"inLanguage\":\"en-US\",\"@id\":\"https:\\\/\\\/www.cansabate.com\\\/en\\\/#\\\/schema\\\/logo\\\/image\\\/\",\"url\":\"https:\\\/\\\/www.cansabate.com\\\/wp-content\\\/uploads\\\/2022\\\/03\\\/logo-can-sabate-negre.svg\",\"contentUrl\":\"https:\\\/\\\/www.cansabate.com\\\/wp-content\\\/uploads\\\/2022\\\/03\\\/logo-can-sabate-negre.svg\",\"width\":1,\"height\":1,\"caption\":\"Can Sabat\u00e9\"},\"image\":{\"@id\":\"https:\\\/\\\/www.cansabate.com\\\/en\\\/#\\\/schema\\\/logo\\\/image\\\/\"},\"sameAs\":[\"https:\\\/\\\/www.facebook.com\\\/Can-Sabate-1988132507971641\\\/\",\"https:\\\/\\\/www.instagram.com\\\/can_sabate\\\/\"]}]}<\/script>\n<!-- \/ Yoast SEO plugin. -->","yoast_head_json":{"title":"Gastronomy - Can Sabat\u00e9","description":"Situada a 40 minutos de Barcelona, Can Sabat\u00e9 ofrece un amplio abanico de rincones id\u00edlicos para celebraciones as\u00ed como tambi\u00e9n un completo servicio se asesoramiento y protocolo para la planificaci\u00f3n del evento con la m\u00e1xima garant\u00eda de \u00e9xito. Nuestro Chef ejecuta una propuesta gastron\u00f3mica \u00fanica para cada cliente.","robots":{"index":"index","follow":"follow","max-snippet":"max-snippet:-1","max-image-preview":"max-image-preview:large","max-video-preview":"max-video-preview:-1"},"canonical":"https:\/\/www.cansabate.com\/en\/gastronomia\/","og_locale":"en_US","og_type":"article","og_title":"Gastronomy - Can Sabat\u00e9","og_description":"Situada a 40 minutos de Barcelona, Can Sabat\u00e9 ofrece un amplio abanico de rincones id\u00edlicos para celebraciones as\u00ed como tambi\u00e9n un completo servicio se asesoramiento y protocolo para la planificaci\u00f3n del evento con la m\u00e1xima garant\u00eda de \u00e9xito. Nuestro Chef ejecuta una propuesta gastron\u00f3mica \u00fanica para cada cliente.","og_url":"https:\/\/www.cansabate.com\/en\/gastronomia\/","og_site_name":"Can Sabat\u00e9","article_publisher":"https:\/\/www.facebook.com\/Can-Sabate-1988132507971641\/","article_modified_time":"2022-03-16T10:43:19+00:00","og_image":[{"url":"https:\/\/www.cansabate.com\/cansabate\/wp-content\/uploads\/2022\/03\/gastronomia-1.jpg","type":"","width":"","height":""}],"twitter_card":"summary_large_image","schema":{"@context":"https:\/\/schema.org","@graph":[{"@type":"WebPage","@id":"https:\/\/www.cansabate.com\/en\/gastronomia\/","url":"https:\/\/www.cansabate.com\/en\/gastronomia\/","name":"Gastronomy - Can Sabat\u00e9","isPartOf":{"@id":"https:\/\/www.cansabate.com\/en\/#website"},"datePublished":"2019-09-09T09:23:53+00:00","dateModified":"2022-03-16T10:43:19+00:00","description":"Situada a 40 minutos de Barcelona, Can Sabat\u00e9 ofrece un amplio abanico de rincones id\u00edlicos para celebraciones as\u00ed como tambi\u00e9n un completo servicio se asesoramiento y protocolo para la planificaci\u00f3n del evento con la m\u00e1xima garant\u00eda de \u00e9xito. Nuestro Chef ejecuta una propuesta gastron\u00f3mica \u00fanica para cada cliente.","breadcrumb":{"@id":"https:\/\/www.cansabate.com\/en\/gastronomia\/#breadcrumb"},"inLanguage":"en-US","potentialAction":[{"@type":"ReadAction","target":["https:\/\/www.cansabate.com\/en\/gastronomia\/"]}]},{"@type":"BreadcrumbList","@id":"https:\/\/www.cansabate.com\/en\/gastronomia\/#breadcrumb","itemListElement":[{"@type":"ListItem","position":1,"name":"Portada","item":"https:\/\/www.cansabate.com\/en\/"},{"@type":"ListItem","position":2,"name":"Gastronomy"}]},{"@type":"WebSite","@id":"https:\/\/www.cansabate.com\/en\/#website","url":"https:\/\/www.cansabate.com\/en\/","name":"Can Sabat\u00e9","description":"Espacio se\u00f1orial con tradici\u00f3n y elegancia para tu celebraci\u00f3n.","publisher":{"@id":"https:\/\/www.cansabate.com\/en\/#organization"},"potentialAction":[{"@type":"SearchAction","target":{"@type":"EntryPoint","urlTemplate":"https:\/\/www.cansabate.com\/en\/?s={search_term_string}"},"query-input":{"@type":"PropertyValueSpecification","valueRequired":true,"valueName":"search_term_string"}}],"inLanguage":"en-US"},{"@type":"Organization","@id":"https:\/\/www.cansabate.com\/en\/#organization","name":"Can Sabat\u00e9","url":"https:\/\/www.cansabate.com\/en\/","logo":{"@type":"ImageObject","inLanguage":"en-US","@id":"https:\/\/www.cansabate.com\/en\/#\/schema\/logo\/image\/","url":"https:\/\/www.cansabate.com\/wp-content\/uploads\/2022\/03\/logo-can-sabate-negre.svg","contentUrl":"https:\/\/www.cansabate.com\/wp-content\/uploads\/2022\/03\/logo-can-sabate-negre.svg","width":1,"height":1,"caption":"Can Sabat\u00e9"},"image":{"@id":"https:\/\/www.cansabate.com\/en\/#\/schema\/logo\/image\/"},"sameAs":["https:\/\/www.facebook.com\/Can-Sabate-1988132507971641\/","https:\/\/www.instagram.com\/can_sabate\/"]}]}},"_links":{"self":[{"href":"https:\/\/www.cansabate.com\/en\/wp-json\/wp\/v2\/pages\/1898","targetHints":{"allow":["GET"]}}],"collection":[{"href":"https:\/\/www.cansabate.com\/en\/wp-json\/wp\/v2\/pages"}],"about":[{"href":"https:\/\/www.cansabate.com\/en\/wp-json\/wp\/v2\/types\/page"}],"author":[{"embeddable":true,"href":"https:\/\/www.cansabate.com\/en\/wp-json\/wp\/v2\/users\/1"}],"replies":[{"embeddable":true,"href":"https:\/\/www.cansabate.com\/en\/wp-json\/wp\/v2\/comments?post=1898"}],"version-history":[{"count":3,"href":"https:\/\/www.cansabate.com\/en\/wp-json\/wp\/v2\/pages\/1898\/revisions"}],"predecessor-version":[{"id":2046,"href":"https:\/\/www.cansabate.com\/en\/wp-json\/wp\/v2\/pages\/1898\/revisions\/2046"}],"wp:attachment":[{"href":"https:\/\/www.cansabate.com\/en\/wp-json\/wp\/v2\/media?parent=1898"}],"curies":[{"name":"wp","href":"https:\/\/api.w.org\/{rel}","templated":true}]}}